{"id":2405,"date":"2024-09-23T07:58:11","date_gmt":"2024-09-23T05:58:11","guid":{"rendered":"https:\/\/maveille.online\/index.php\/payment-cancelled\/"},"modified":"2026-01-25T11:05:37","modified_gmt":"2026-01-25T10:05:37","slug":"payment-cancelled","status":"publish","type":"page","link":"https:\/\/maveille.online\/index.php\/payment-cancelled\/","title":{"rendered":"Payment canceled"},"content":{"rendered":"\t\t<div data-elementor-type=\"wp-page\" data-elementor-id=\"2405\" class=\"elementor elementor-2405\">\n\t\t\t\t<div class=\"elementor-element elementor-element-5e9b165 e-con-full e-flex e-con e-parent\" data-id=\"5e9b165\" data-element_type=\"container\" data-settings=\"{&quot;background_background&quot;:&quot;classic&quot;}\">\n\t\t\t\t<div class=\"elementor-element elementor-element-612bf8e elementor-widget__width-initial elementor-widget-mobile__width-inherit elementor-widget elementor-widget-heading\" data-id=\"612bf8e\" data-element_type=\"widget\" data-widget_type=\"heading.default\">\n\t\t\t\t<div class=\"elementor-widget-container\">\n\t\t\t\t\t<h2 class=\"elementor-heading-title elementor-size-default\">Page de paiement<\/h2>\t\t\t\t<\/div>\n\t\t\t\t<\/div>\n\t\t\t\t<\/div>\n\t\t<div class=\"elementor-element elementor-element-226b6ec9 e-flex e-con-boxed e-con e-parent\" data-id=\"226b6ec9\" data-element_type=\"container\">\n\t\t\t\t\t<div class=\"e-con-inner\">\n\t\t\t\t<div class=\"elementor-element elementor-element-4e3e4c6e elementor-widget elementor-widget-text-editor\" data-id=\"4e3e4c6e\" data-element_type=\"widget\" data-widget_type=\"text-editor.default\">\n\t\t\t\t<div class=\"elementor-widget-container\">\n\t\t\t\t\t\t\t\t\t<p>LA transaction \u00e0 \u00e9t\u00e9 annul\u00e9. Aucun paiement n&#8217;a \u00e9t\u00e9 pr\u00e9lev\u00e9.<\/p>\t\t\t\t\t\t\t\t<\/div>\n\t\t\t\t<\/div>\n\t\t\t\t\t<\/div>\n\t\t\t\t<\/div>\n\t\t\t\t<\/div>\n\t\t","protected":false},"excerpt":{"rendered":"<p>Page de paiement LA transaction \u00e0 \u00e9t\u00e9 annul\u00e9. Aucun paiement n&#8217;a \u00e9t\u00e9 pr\u00e9lev\u00e9.<\/p>\n","protected":false},"author":1,"featured_media":0,"parent":0,"menu_order":0,"comment_status":"closed","ping_status":"closed","template":"","meta":{"footnotes":""},"class_list":["post-2405","page","type-page","status-publish","hentry"],"blocksy_meta":[],"_links":{"self":[{"href":"https:\/\/maveille.online\/index.php\/wp-json\/wp\/v2\/pages\/2405","targetHints":{"allow":["GET"]}}],"collection":[{"href":"https:\/\/maveille.online\/index.php\/wp-json\/wp\/v2\/pages"}],"about":[{"href":"https:\/\/maveille.online\/index.php\/wp-json\/wp\/v2\/types\/page"}],"author":[{"embeddable":true,"href":"https:\/\/maveille.online\/index.php\/wp-json\/wp\/v2\/users\/1"}],"replies":[{"embeddable":true,"href":"https:\/\/maveille.online\/index.php\/wp-json\/wp\/v2\/comments?post=2405"}],"version-history":[{"count":16,"href":"https:\/\/maveille.online\/index.php\/wp-json\/wp\/v2\/pages\/2405\/revisions"}],"predecessor-version":[{"id":3060,"href":"https:\/\/maveille.online\/index.php\/wp-json\/wp\/v2\/pages\/2405\/revisions\/3060"}],"wp:attachment":[{"href":"https:\/\/maveille.online\/index.php\/wp-json\/wp\/v2\/media?parent=2405"}],"curies":[{"name":"wp","href":"https:\/\/api.w.org\/{rel}","templated":true}]}}